{"id":23,"date":"2024-01-24T11:04:18","date_gmt":"2024-01-24T16:04:18","guid":{"rendered":"https:\/\/servimorel.com\/wp\/?page_id=23"},"modified":"2024-03-25T23:46:11","modified_gmt":"2024-03-26T04:46:11","slug":"nosotros","status":"publish","type":"page","link":"https:\/\/servimorel.com\/en\/nosotros\/","title":{"rendered":"Nosotros"},"content":{"rendered":"<div data-elementor-type=\"wp-page\" data-elementor-id=\"23\" class=\"elementor elementor-23\" data-elementor-post-type=\"page\">\n\t\t\t\t<div class=\"elementor-element elementor-element-2164faf e-flex e-con-boxed e-con e-parent\" data-id=\"2164faf\" data-element_type=\"container\" data-e-type=\"container\" data-settings=\"{&quot;shape_divider_top&quot;:&quot;tilt&quot;}\">\n\t\t\t\t\t<div class=\"e-con-inner\">\n\t\t\t\t<div class=\"elementor-shape elementor-shape-top\" aria-hidden=\"true\" data-negative=\"false\">\n\t\t\t<svg xmlns=\"http:\/\/www.w3.org\/2000\/svg\" viewbox=\"0 0 1000 100\" preserveaspectratio=\"none\">\n\t<path class=\"elementor-shape-fill\" d=\"M0,6V0h1000v100L0,6z\"\/>\n<\/svg>\t\t<\/div>\n\t\t<div class=\"elementor-element elementor-element-d182dd6 e-con-full e-flex e-con e-child\" data-id=\"d182dd6\" data-element_type=\"container\" data-e-type=\"container\">\n\t\t\t\t<div class=\"elementor-element elementor-element-d4ceae0 elementor-widget elementor-widget-heading\" data-id=\"d4ceae0\" data-element_type=\"widget\" data-e-type=\"widget\" data-widget_type=\"heading.default\">\n\t\t\t\t<div class=\"elementor-widget-container\">\n\t\t\t\t\t<h2 class=\"elementor-heading-title elementor-size-default\">El Viaje de Servimorel LTDA: M\u00e1s que un Transporte, una Historia de Compromiso y Conexi\u00f3n Segura<\/h2>\t\t\t\t<\/div>\n\t\t\t\t<\/div>\n\t\t\t\t<div class=\"elementor-element elementor-element-2c12663 elementor-widget elementor-widget-text-editor\" data-id=\"2c12663\" data-element_type=\"widget\" data-e-type=\"widget\" data-widget_type=\"text-editor.default\">\n\t\t\t\t<div class=\"elementor-widget-container\">\n\t\t\t\t\t\t\t\t\t<p>Hace m\u00e1s de dos d\u00e9cadas, en Miraflores, Servimorel LTDA surgi\u00f3 para cubrir una necesidad \u00fanica: llevar lo m\u00e1s valioso de las empresas, sus <b>personas<\/b>.<\/p>\n<p>Desde nuestros modestos comienzos, hemos crecido para conectar comunidades y <b>atender las necesidades<\/b> de transporte especial en la provincia de Lengup\u00e1.<\/p>\n<p><br><\/p>\t\t\t\t\t\t\t\t<\/div>\n\t\t\t\t<\/div>\n\t\t\t\t<\/div>\n\t\t<div class=\"elementor-element elementor-element-00335de e-con-full e-flex e-con e-child\" data-id=\"00335de\" data-element_type=\"container\" data-e-type=\"container\">\n\t\t\t\t<div class=\"elementor-element elementor-element-1eda122 elementor-widget elementor-widget-image\" data-id=\"1eda122\" data-element_type=\"widget\" data-e-type=\"widget\" data-widget_type=\"image.default\">\n\t\t\t\t<div class=\"elementor-widget-container\">\n\t\t\t\t\t\t\t\t\t\t\t\t\t\t\t<img fetchpriority=\"high\" decoding=\"async\" width=\"720\" height=\"557\" src=\"https:\/\/servimorel.com\/wp-content\/uploads\/2024\/01\/IMG-20240125-WA0036.jpg\" class=\"attachment-large size-large wp-image-195\" alt=\"\" srcset=\"https:\/\/servimorel.com\/wp-content\/uploads\/2024\/01\/IMG-20240125-WA0036.jpg 720w, https:\/\/servimorel.com\/wp-content\/uploads\/2024\/01\/IMG-20240125-WA0036-300x232.jpg 300w\" sizes=\"(max-width: 720px) 100vw, 720px\" \/>\t\t\t\t\t\t\t\t\t\t\t\t\t\t\t<\/div>\n\t\t\t\t<\/div>\n\t\t\t\t<\/div>\n\t\t\t\t\t<\/div>\n\t\t\t\t<\/div>\n\t\t<div class=\"elementor-element elementor-element-7dda532 e-flex e-con-boxed e-con e-parent\" data-id=\"7dda532\" data-element_type=\"container\" data-e-type=\"container\">\n\t\t\t\t\t<div class=\"e-con-inner\">\n\t\t<div class=\"elementor-element elementor-element-60261f7 e-con-full e-flex e-con e-child\" data-id=\"60261f7\" data-element_type=\"container\" data-e-type=\"container\">\n\t\t\t\t<div class=\"elementor-element elementor-element-f264344 elementor-widget__width-initial elementor-widget elementor-widget-image\" data-id=\"f264344\" data-element_type=\"widget\" data-e-type=\"widget\" data-widget_type=\"image.default\">\n\t\t\t\t<div class=\"elementor-widget-container\">\n\t\t\t\t\t\t\t\t\t\t\t\t\t\t\t<img decoding=\"async\" width=\"1024\" height=\"640\" src=\"https:\/\/servimorel.com\/wp-content\/uploads\/2024\/03\/1-1024x640.png\" class=\"attachment-large size-large wp-image-316\" alt=\"\" srcset=\"https:\/\/servimorel.com\/wp-content\/uploads\/2024\/03\/1-1024x640.png 1024w, https:\/\/servimorel.com\/wp-content\/uploads\/2024\/03\/1-300x188.png 300w, https:\/\/servimorel.com\/wp-content\/uploads\/2024\/03\/1-768x480.png 768w, https:\/\/servimorel.com\/wp-content\/uploads\/2024\/03\/1.png 1280w\" sizes=\"(max-width: 1024px) 100vw, 1024px\" \/>\t\t\t\t\t\t\t\t\t\t\t\t\t\t\t<\/div>\n\t\t\t\t<\/div>\n\t\t\t\t<\/div>\n\t\t<div class=\"elementor-element elementor-element-29b0dc6 e-con-full e-flex e-con e-child\" data-id=\"29b0dc6\" data-element_type=\"container\" data-e-type=\"container\">\n\t\t\t\t<div class=\"elementor-element elementor-element-d53d2e9 elementor-widget elementor-widget-text-editor\" data-id=\"d53d2e9\" data-element_type=\"widget\" data-e-type=\"widget\" data-widget_type=\"text-editor.default\">\n\t\t\t\t<div class=\"elementor-widget-container\">\n\t\t\t\t\t\t\t\t\t<p>Nos enorgullece ofrecer una gama completa de servicios de transporte, <b>adaptados<\/b> a las necesidades \u00fanicas de cada cliente.&nbsp;<\/p>\n<p>Desde el transporte empresarial, asegurando que su equipo <b>llegue a tiempo<\/b> y en condiciones \u00f3ptimas, hasta el transporte de carga, garantizando la entrega segura y eficiente de sus productos.<\/p>\n<p><\/p>\t\t\t\t\t\t\t\t<\/div>\n\t\t\t\t<\/div>\n\t\t\t\t<\/div>\n\t\t\t\t\t<\/div>\n\t\t\t\t<\/div>\n\t\t<div class=\"elementor-element elementor-element-4a0854d e-flex e-con-boxed e-con e-parent\" data-id=\"4a0854d\" data-element_type=\"container\" data-e-type=\"container\">\n\t\t\t\t\t<div class=\"e-con-inner\">\n\t\t\t\t\t<\/div>\n\t\t\t\t<\/div>\n\t\t<div class=\"elementor-element elementor-element-118cd45 e-flex e-con-boxed e-con e-parent\" data-id=\"118cd45\" data-element_type=\"container\" data-e-type=\"container\">\n\t\t\t\t\t<div class=\"e-con-inner\">\n\t\t\t\t<div class=\"elementor-element elementor-element-475686f elementor-widget elementor-widget-text-editor\" data-id=\"475686f\" data-element_type=\"widget\" data-e-type=\"widget\" data-widget_type=\"text-editor.default\">\n\t\t\t\t<div class=\"elementor-widget-container\">\n\t\t\t\t\t\t\t\t\t<p>\u00a0<\/p><p>Nuestra primera adquisici\u00f3n, una buseta Dina del 94, marc\u00f3 el inicio de un compromiso inquebrantable con la atenci\u00f3n personalizada, superando barreras y llevando sue\u00f1os junto a nuestros pasajeros.<\/p><p>Este es el viaje de Servimorel, donde cada kil\u00f3metro es una historia de dedicaci\u00f3n y conexi\u00f3n humana. Estamos comprometidos a seguir siendo su socio confiable en el transporte, llevando consigo m\u00e1s que solo mercanc\u00edas y personas: llevamos consigo nuestro compromiso con el servicio excepcional y la comunidad que servimos.<\/p><p>\u00a1Bienvenido a bordo de Servimorel, donde su destino es nuestra pasi\u00f3n!<\/p>\t\t\t\t\t\t\t\t<\/div>\n\t\t\t\t<\/div>\n\t\t\t\t\t<\/div>\n\t\t\t\t<\/div>\n\t\t\t\t<\/div>","protected":false},"excerpt":{"rendered":"<p>El Viaje de Servimorel LTDA: M\u00e1s que un Transporte, una Historia de Compromiso y Conexi\u00f3n Segura Hace m\u00e1s de dos d\u00e9cadas, en Miraflores, Servimorel LTDA surgi\u00f3 para cubrir una necesidad \u00fanica: llevar lo m\u00e1s valioso de las empresas, sus personas. Desde nuestros modestos comienzos, hemos crecido para conectar comunidades y atender las necesidades de transporte &#8230; <a title=\"Nosotros\" class=\"read-more\" href=\"https:\/\/servimorel.com\/en\/nosotros\/\" aria-label=\"Read more about Nosotros\">Read more<\/a><\/p>","protected":false},"author":1,"featured_media":0,"parent":0,"menu_order":0,"comment_status":"closed","ping_status":"closed","template":"","meta":{"footnotes":""},"class_list":["post-23","page","type-page","status-publish"],"_links":{"self":[{"href":"https:\/\/servimorel.com\/en\/wp-json\/wp\/v2\/pages\/23","targetHints":{"allow":["GET"]}}],"collection":[{"href":"https:\/\/servimorel.com\/en\/wp-json\/wp\/v2\/pages"}],"about":[{"href":"https:\/\/servimorel.com\/en\/wp-json\/wp\/v2\/types\/page"}],"author":[{"embeddable":true,"href":"https:\/\/servimorel.com\/en\/wp-json\/wp\/v2\/users\/1"}],"replies":[{"embeddable":true,"href":"https:\/\/servimorel.com\/en\/wp-json\/wp\/v2\/comments?post=23"}],"version-history":[{"count":19,"href":"https:\/\/servimorel.com\/en\/wp-json\/wp\/v2\/pages\/23\/revisions"}],"predecessor-version":[{"id":545,"href":"https:\/\/servimorel.com\/en\/wp-json\/wp\/v2\/pages\/23\/revisions\/545"}],"wp:attachment":[{"href":"https:\/\/servimorel.com\/en\/wp-json\/wp\/v2\/media?parent=23"}],"curies":[{"name":"wp","href":"https:\/\/api.w.org\/{rel}","templated":true}]}}